{"id":9,"date":"2022-08-13T11:24:21","date_gmt":"2022-08-13T11:24:21","guid":{"rendered":"https:\/\/slovencina.org\/contact\/"},"modified":"2024-12-29T11:26:17","modified_gmt":"2024-12-29T11:26:17","slug":"contact","status":"publish","type":"page","link":"https:\/\/slovencina.org\/ru\/contact\/","title":{"rendered":"\u041a\u043e\u043d\u0442\u0430\u043a\u0442"},"content":{"rendered":"\t\t<div data-elementor-type=\"wp-page\" data-elementor-id=\"9\" class=\"elementor elementor-9\">\n\t\t\t\t\t\t<section class=\"elementor-section elementor-top-section elementor-element elementor-element-6585e49 elementor-section-boxed elementor-section-height-default elementor-section-height-default\" data-id=\"6585e49\" data-element_type=\"section\" data-e-type=\"section\" data-settings=\"{&quot;background_background&quot;:&quot;classic&quot;}\">\n\t\t\t\t\t\t<div class=\"elementor-container elementor-column-gap-default\">\n\t\t\t\t\t<div class=\"elementor-column elementor-col-100 elementor-top-column elementor-element elementor-element-782f02e\" data-id=\"782f02e\" data-element_type=\"column\" data-e-type=\"column\">\n\t\t\t<div class=\"elementor-widget-wrap elementor-element-populated\">\n\t\t\t\t\t\t<div class=\"elementor-element elementor-element-e845e6f elementor-widget elementor-widget-heading\" data-id=\"e845e6f\" data-element_type=\"widget\" data-e-type=\"widget\" data-widget_type=\"heading.default\">\n\t\t\t\t<div class=\"elementor-widget-container\">\n\t\t\t\t\t<h2 class=\"elementor-heading-title elementor-size-default\">Kontakt<\/h2>\t\t\t\t<\/div>\n\t\t\t\t<\/div>\n\t\t\t\t\t<\/div>\n\t\t<\/div>\n\t\t\t\t\t<\/div>\n\t\t<\/section>\n\t\t\t\t<section class=\"elementor-section elementor-top-section elementor-element elementor-element-90fba6f elementor-section-boxed elementor-section-height-default elementor-section-height-default\" data-id=\"90fba6f\" data-element_type=\"section\" data-e-type=\"section\">\n\t\t\t\t\t\t<div class=\"elementor-container elementor-column-gap-default\">\n\t\t\t\t\t<div class=\"elementor-column elementor-col-100 elementor-top-column elementor-element elementor-element-b78653c\" data-id=\"b78653c\" data-element_type=\"column\" data-e-type=\"column\">\n\t\t\t<div class=\"elementor-widget-wrap elementor-element-populated\">\n\t\t\t\t\t\t<div class=\"elementor-element elementor-element-55acb03 elementor-widget elementor-widget-image\" data-id=\"55acb03\" data-element_type=\"widget\" data-e-type=\"widget\" data-widget_type=\"image.default\">\n\t\t\t\t<div class=\"elementor-widget-container\">\n\t\t\t\t\t\t\t\t\t\t\t\t\t\t\t<img fetchpriority=\"high\" decoding=\"async\" width=\"421\" height=\"421\" src=\"https:\/\/slovencina.org\/wp-content\/uploads\/2022\/08\/call.png\" class=\"attachment-full size-full wp-image-402\" alt=\"\" srcset=\"https:\/\/slovencina.org\/wp-content\/uploads\/2022\/08\/call.png 421w, https:\/\/slovencina.org\/wp-content\/uploads\/2022\/08\/call-300x300.png 300w, https:\/\/slovencina.org\/wp-content\/uploads\/2022\/08\/call-150x150.png 150w, https:\/\/slovencina.org\/wp-content\/uploads\/2022\/08\/call-12x12.png 12w, https:\/\/slovencina.org\/wp-content\/uploads\/2022\/08\/call-100x100.png 100w\" sizes=\"(max-width: 421px) 100vw, 421px\" \/>\t\t\t\t\t\t\t\t\t\t\t\t\t\t\t<\/div>\n\t\t\t\t<\/div>\n\t\t\t\t<div class=\"elementor-element elementor-element-e947c0e elementor-widget elementor-widget-text-editor\" data-id=\"e947c0e\" data-element_type=\"widget\" data-e-type=\"widget\" data-widget_type=\"text-editor.default\">\n\t\t\t\t<div class=\"elementor-widget-container\">\n\t\t\t\t\t\t\t\t\t<h2 style=\"text-align: center;\">Ak m\u00e1te ot\u00e1zky, nap\u00ed\u0161te mi cez formul\u00e1r,&nbsp;<\/h2>\n<h2 style=\"text-align: center;\">ktor\u00fd je ni\u017e\u0161ie&#8230;&nbsp;<\/h2>\t\t\t\t\t\t\t\t<\/div>\n\t\t\t\t<\/div>\n\t\t\t\t\t<\/div>\n\t\t<\/div>\n\t\t\t\t\t<\/div>\n\t\t<\/section>\n\t\t\t\t<section class=\"elementor-section elementor-top-section elementor-element elementor-element-e7bbb6d elementor-section-boxed elementor-section-height-default elementor-section-height-default\" data-id=\"e7bbb6d\" data-element_type=\"section\" data-e-type=\"section\">\n\t\t\t\t\t\t<div class=\"elementor-container elementor-column-gap-default\">\n\t\t\t\t\t<div class=\"elementor-column elementor-col-100 elementor-top-column elementor-element elementor-element-d3017fe\" data-id=\"d3017fe\" data-element_type=\"column\" data-e-type=\"column\">\n\t\t\t<div class=\"elementor-widget-wrap elementor-element-populated\">\n\t\t\t\t\t\t<div class=\"elementor-element elementor-element-03bca3a elementor-widget elementor-widget-spacer\" data-id=\"03bca3a\" data-element_type=\"widget\" data-e-type=\"widget\" data-widget_type=\"spacer.default\">\n\t\t\t\t<div class=\"elementor-widget-container\">\n\t\t\t\t\t\t\t<div class=\"elementor-spacer\">\n\t\t\t<div class=\"elementor-spacer-inner\"><\/div>\n\t\t<\/div>\n\t\t\t\t\t\t<\/div>\n\t\t\t\t<\/div>\n\t\t\t\t\t<\/div>\n\t\t<\/div>\n\t\t\t\t\t<\/div>\n\t\t<\/section>\n\t\t\t\t<section class=\"elementor-section elementor-top-section elementor-element elementor-element-d8b3481 elementor-section-boxed elementor-section-height-default elementor-section-height-default\" data-id=\"d8b3481\" data-element_type=\"section\" data-e-type=\"section\">\n\t\t\t\t\t\t<div class=\"elementor-container elementor-column-gap-default\">\n\t\t\t\t\t<div class=\"elementor-column elementor-col-33 elementor-top-column elementor-element elementor-element-e7606b5\" data-id=\"e7606b5\" data-element_type=\"column\" data-e-type=\"column\">\n\t\t\t<div class=\"elementor-widget-wrap\">\n\t\t\t\t\t\t\t<\/div>\n\t\t<\/div>\n\t\t\t\t<div class=\"elementor-column elementor-col-33 elementor-top-column elementor-element elementor-element-39ce880\" data-id=\"39ce880\" data-element_type=\"column\" data-e-type=\"column\">\n\t\t\t<div class=\"elementor-widget-wrap elementor-element-populated\">\n\t\t\t\t\t\t<div class=\"elementor-element elementor-element-daf3905 fluentform-widget-submit-button-full-width elementor-widget elementor-widget-fluent-form-widget\" data-id=\"daf3905\" data-element_type=\"widget\" data-e-type=\"widget\" data-widget_type=\"fluent-form-widget.default\">\n\t\t\t\t<div class=\"elementor-widget-container\">\n\t\t\t\t\t\n            <div class=\"fluentform-widget-wrapper fluentform-widget-align-default\">\n\n            \n            <div class='fluentform ff-default fluentform_wrapper_4 ffs_default_wrap'><form data-form_id=\"4\" id=\"fluentform_4\" class=\"frm-fluent-form fluent_form_4 ff-el-form-top ff_form_instance_4_1 ff-form-loading ff_has_v3_recptcha ffs_default\" data-form_instance=\"ff_form_instance_4_1\" method=\"POST\" data-recptcha_key=\"6LfyPKAhAAAAACgv9zOfvmCwcBD-oAWyWFtvYwqg\" ><fieldset  style=\"border: none!important;margin: 0!important;padding: 0!important;background-color: transparent!important;box-shadow: none!important;outline: none!important; min-inline-size: 100%;\">\n                    <legend class=\"ff_screen_reader_title\" style=\"display: block; margin: 0!important;padding: 0!important;height: 0!important;text-indent: -999999px;width: 0!important;overflow:hidden;\">kontakt<\/legend><input type='hidden' name='__fluent_form_embded_post_id' value='9' \/><input type=\"hidden\" id=\"_fluentform_4_fluentformnonce\" name=\"_fluentform_4_fluentformnonce\" value=\"c98a984ad2\" \/><input type=\"hidden\" name=\"_wp_http_referer\" value=\"\/ru\/wp-json\/wp\/v2\/pages\/9\" \/><div data-type=\"name-element\" data-name=\"name\" class=\" ff-field_container ff-name-field-wrapper\" ><div class='ff-t-container'><div class='ff-t-cell '><div class='ff-el-group  ff-el-form-top'><div class=\"ff-el-input--label ff-el-is-required asterisk-right\"><label for='ff_4_name_first_name_' id='label_ff_4_name_first_name_' >Meno<\/label><\/div><div class='ff-el-input--content'><input type=\"text\" name=\"name[first_name]\" id=\"ff_4_name_first_name_\" class=\"ff-el-form-control\" placeholder=\"Meno\" aria-invalid=\"false\" aria-required=true><\/div><\/div><\/div><div class='ff-t-cell '><div class='ff-el-group  ff-el-form-top'><div class=\"ff-el-input--label ff-el-is-required asterisk-right\"><label for='ff_4_name_last_name_' id='label_ff_4_name_last_name_' >Priezvisko<\/label><\/div><div class='ff-el-input--content'><input type=\"text\" name=\"name[last_name]\" id=\"ff_4_name_last_name_\" class=\"ff-el-form-control\" placeholder=\"Priezvisko\" aria-invalid=\"false\" aria-required=true><\/div><\/div><\/div><\/div><\/div><div class='ff-el-group ff-el-form-top'><div class=\"ff-el-input--label ff-el-is-required asterisk-right\"><label for='ff_4_email' id='label_ff_4_email' aria-label=\"Email\">Email<\/label><\/div><div class='ff-el-input--content'><input type=\"email\" name=\"email\" id=\"ff_4_email\" class=\"ff-el-form-control\" placeholder=\"Email Address\" data-name=\"email\"  aria-invalid=\"false\" aria-required=true><\/div><\/div><div class='ff-el-group'><div class=\"ff-el-input--label ff-el-is-required asterisk-right\"><label for='ff_4_numeric-field' id='label_ff_4_numeric-field' aria-label=\"Telef\u00f3nne \u010d\u00edslo\">Telef\u00f3nne \u010d\u00edslo<\/label><\/div><div class='ff-el-input--content'><input type=\"number\" name=\"numeric-field\" id=\"ff_4_numeric-field\" class=\"ff-el-form-control\" placeholder=\"+421 XXX XXX XXX\" data-name=\"numeric-field\" inputmode=\"numeric\" step=\"any\"  aria-invalid=\"false\" aria-required=true><\/div><\/div><div class='ff-el-group'><div class=\"ff-el-input--label asterisk-right\"><label for='ff_4_description' id='label_ff_4_description' aria-label=\"Va\u0161a ot\u00e1zka\"> Va\u0161a ot\u00e1zka<\/label><\/div><div class='ff-el-input--content'><textarea aria-required=\"false\" aria-labelledby=\"label_ff_4_description\" name=\"description\" id=\"ff_4_description\" class=\"ff-el-form-control\" placeholder=\"Chcem sa op\u00fdta\u0165.....\" rows=\"3\" cols=\"2\" data-name=\"description\" ><\/textarea><\/div><\/div><div class='ff-el-group ff-text-center ff_submit_btn_wrapper'><button type=\"submit\" class=\"ff-btn ff-btn-submit ff-btn-lg ff_btn_style wpf_has_custom_css\"  aria-label=\"Odosla\u0165\">Odosla\u0165<\/button><\/div><\/fieldset><\/form><div id='fluentform_4_errors' class='ff-errors-in-stack ff_form_instance_4_1 ff-form-loading_errors ff_form_instance_4_1_errors'><\/div><\/div>            <script type=\"text\/javascript\">\n                window.fluent_form_ff_form_instance_4_1 = {\"id\":\"4\",\"ajaxUrl\":\"https:\\\/\\\/slovencina.org\\\/wp-admin\\\/admin-ajax.php\",\"settings\":{\"layout\":{\"labelPlacement\":\"top\",\"helpMessagePlacement\":\"with_label\",\"errorMessagePlacement\":\"inline\",\"asteriskPlacement\":\"asterisk-right\"},\"restrictions\":{\"denyEmptySubmission\":{\"enabled\":false}}},\"form_instance\":\"ff_form_instance_4_1\",\"form_id_selector\":\"fluentform_4\",\"rules\":{\"name[first_name]\":{\"required\":{\"value\":true,\"message\":\"This field is required\"}},\"name[middle_name]\":{\"required\":{\"value\":false,\"message\":\"This field is required\"}},\"name[last_name]\":{\"required\":{\"value\":true,\"message\":\"This field is required\"}},\"email\":{\"required\":{\"value\":true,\"message\":\"This field is required\"},\"email\":{\"value\":true,\"message\":\"This field must contain a valid email\"}},\"numeric-field\":{\"required\":{\"value\":true,\"message\":\"This field is required\"},\"numeric\":{\"value\":true,\"message\":\"This field must contain numeric value\"},\"min\":{\"value\":\"\",\"message\":\"Minimum value is \"},\"max\":{\"value\":\"\",\"message\":\"Maximum value is \"},\"digits\":{\"value\":\"\",\"message\":\"The number of digits has to be \"}},\"description\":{\"required\":{\"value\":false,\"message\":\"This field is required\"}},\"recaptcha\":[]},\"debounce_time\":300};\n                            <\/script>\n                        <\/div>\n\n            \t\t\t\t<\/div>\n\t\t\t\t<\/div>\n\t\t\t\t\t<\/div>\n\t\t<\/div>\n\t\t\t\t<div class=\"elementor-column elementor-col-33 elementor-top-column elementor-element elementor-element-03e129a\" data-id=\"03e129a\" data-element_type=\"column\" data-e-type=\"column\">\n\t\t\t<div class=\"elementor-widget-wrap\">\n\t\t\t\t\t\t\t<\/div>\n\t\t<\/div>\n\t\t\t\t\t<\/div>\n\t\t<\/section>\n\t\t\t\t<section class=\"elementor-section elementor-top-section elementor-element elementor-element-b97f2fc elementor-section-boxed elementor-section-height-default elementor-section-height-default\" data-id=\"b97f2fc\" data-element_type=\"section\" data-e-type=\"section\">\n\t\t\t\t\t\t<div class=\"elementor-container elementor-column-gap-default\">\n\t\t\t\t\t<div class=\"elementor-column elementor-col-100 elementor-top-column elementor-element elementor-element-366eb51\" data-id=\"366eb51\" data-element_type=\"column\" data-e-type=\"column\">\n\t\t\t<div class=\"elementor-widget-wrap elementor-element-populated\">\n\t\t\t\t\t\t<div class=\"elementor-element elementor-element-305e438 elementor-widget elementor-widget-spacer\" data-id=\"305e438\" data-element_type=\"widget\" data-e-type=\"widget\" data-widget_type=\"spacer.default\">\n\t\t\t\t<div class=\"elementor-widget-container\">\n\t\t\t\t\t\t\t<div class=\"elementor-spacer\">\n\t\t\t<div class=\"elementor-spacer-inner\"><\/div>\n\t\t<\/div>\n\t\t\t\t\t\t<\/div>\n\t\t\t\t<\/div>\n\t\t\t\t\t<\/div>\n\t\t<\/div>\n\t\t\t\t\t<\/div>\n\t\t<\/section>\n\t\t\t\t<\/div>\n\t\t","protected":false},"excerpt":{"rendered":"<p>Kontakt Ak m\u00e1te ot\u00e1zky, nap\u00ed\u0161te mi cez formul\u00e1r,&nbsp; ktor\u00fd je ni\u017e\u0161ie&#8230;&nbsp; kontakt MenoPriezviskoEmailTelef\u00f3nne \u010d\u00edslo Va\u0161a ot\u00e1zkaOdosla\u0165<\/p>","protected":false},"author":1,"featured_media":0,"parent":0,"menu_order":0,"comment_status":"closed","ping_status":"closed","template":"elementor_header_footer","meta":{"_eb_attr":"","footnotes":""},"class_list":["post-9","page","type-page","status-publish","hentry"],"yoast_head":"<!-- This site is optimized with the Yoast SEO plugin v27.5 - https:\/\/yoast.com\/product\/yoast-seo-wordpress\/ -->\n<title>Kontakt - Slovencina.org<\/title>\n<meta name=\"description\" content=\"\u041a\u0443\u0440\u0441\u044b \u0441\u043b\u043e\u0432\u0430\u0446\u043a\u043e\u0433\u043e \u044f\u0437\u044b\u043a\u0430 \u0432\u0441\u0435\u0445 \u0443\u0440\u043e\u0432\u043d\u0435\u0439 \u0434\u043b\u044f \u0440\u0443\u0441\u0441\u043a\u043e\u0433\u043e\u0432\u043e\u0440\u044f\u0449\u0438\u0445 \u0432 slovencina.org | Kurzy sloven\u010diny (v\u0161etky \u00farovne) pre rusky hovoriacich\" \/>\n<meta name=\"robots\" content=\"index, follow, max-snippet:-1, max-image-preview:large, max-video-preview:-1\" \/>\n<link rel=\"canonical\" href=\"https:\/\/slovencina.org\/ru\/contact\/\" \/>\n<meta property=\"og:locale\" content=\"ru_RU\" \/>\n<meta property=\"og:type\" content=\"article\" \/>\n<meta property=\"og:title\" content=\"Kontakt - Slovencina.org\" \/>\n<meta property=\"og:description\" content=\"\u041a\u0443\u0440\u0441\u044b \u0441\u043b\u043e\u0432\u0430\u0446\u043a\u043e\u0433\u043e \u044f\u0437\u044b\u043a\u0430 \u0432\u0441\u0435\u0445 \u0443\u0440\u043e\u0432\u043d\u0435\u0439 \u0434\u043b\u044f \u0440\u0443\u0441\u0441\u043a\u043e\u0433\u043e\u0432\u043e\u0440\u044f\u0449\u0438\u0445 \u0432 slovencina.org | Kurzy sloven\u010diny (v\u0161etky \u00farovne) pre rusky hovoriacich\" \/>\n<meta property=\"og:url\" content=\"https:\/\/slovencina.org\/ru\/contact\/\" \/>\n<meta property=\"og:site_name\" content=\"Slovencina.org\" \/>\n<meta property=\"article:publisher\" content=\"https:\/\/www.facebook.com\/slovencinasani\" \/>\n<meta property=\"article:modified_time\" content=\"2024-12-29T11:26:17+00:00\" \/>\n<meta property=\"og:image\" content=\"https:\/\/slovencina.org\/wp-content\/uploads\/2022\/08\/call.png\" \/>\n\t<meta property=\"og:image:width\" content=\"421\" \/>\n\t<meta property=\"og:image:height\" content=\"421\" \/>\n\t<meta property=\"og:image:type\" content=\"image\/png\" \/>\n<meta name=\"twitter:card\" content=\"summary_large_image\" \/>\n<meta name=\"twitter:site\" content=\"@slovencinasani\" \/>\n<meta name=\"twitter:label1\" content=\"\u041f\u0440\u0438\u043c\u0435\u0440\u043d\u043e\u0435 \u0432\u0440\u0435\u043c\u044f \u0434\u043b\u044f \u0447\u0442\u0435\u043d\u0438\u044f\" \/>\n\t<meta name=\"twitter:data1\" content=\"1 \u043c\u0438\u043d\u0443\u0442\u0430\" \/>\n<script type=\"application\/ld+json\" class=\"yoast-schema-graph\">{\"@context\":\"https:\\\/\\\/schema.org\",\"@graph\":[{\"@type\":\"WebPage\",\"@id\":\"https:\\\/\\\/slovencina.org\\\/contact\\\/\",\"url\":\"https:\\\/\\\/slovencina.org\\\/contact\\\/\",\"name\":\"Kontakt - Slovencina.org\",\"isPartOf\":{\"@id\":\"https:\\\/\\\/slovencina.org\\\/#website\"},\"primaryImageOfPage\":{\"@id\":\"https:\\\/\\\/slovencina.org\\\/contact\\\/#primaryimage\"},\"image\":{\"@id\":\"https:\\\/\\\/slovencina.org\\\/contact\\\/#primaryimage\"},\"thumbnailUrl\":\"https:\\\/\\\/slovencina.org\\\/wp-content\\\/uploads\\\/2022\\\/08\\\/call.png\",\"datePublished\":\"2022-08-13T11:24:21+00:00\",\"dateModified\":\"2024-12-29T11:26:17+00:00\",\"description\":\"\u041a\u0443\u0440\u0441\u044b \u0441\u043b\u043e\u0432\u0430\u0446\u043a\u043e\u0433\u043e \u044f\u0437\u044b\u043a\u0430 \u0432\u0441\u0435\u0445 \u0443\u0440\u043e\u0432\u043d\u0435\u0439 \u0434\u043b\u044f \u0440\u0443\u0441\u0441\u043a\u043e\u0433\u043e\u0432\u043e\u0440\u044f\u0449\u0438\u0445 \u0432 slovencina.org | Kurzy sloven\u010diny (v\u0161etky \u00farovne) pre rusky hovoriacich\",\"inLanguage\":\"ru-RU\",\"potentialAction\":[{\"@type\":\"ReadAction\",\"target\":[\"https:\\\/\\\/slovencina.org\\\/contact\\\/\"]}]},{\"@type\":\"ImageObject\",\"inLanguage\":\"ru-RU\",\"@id\":\"https:\\\/\\\/slovencina.org\\\/contact\\\/#primaryimage\",\"url\":\"https:\\\/\\\/slovencina.org\\\/wp-content\\\/uploads\\\/2022\\\/08\\\/call.png\",\"contentUrl\":\"https:\\\/\\\/slovencina.org\\\/wp-content\\\/uploads\\\/2022\\\/08\\\/call.png\"},{\"@type\":\"WebSite\",\"@id\":\"https:\\\/\\\/slovencina.org\\\/#website\",\"url\":\"https:\\\/\\\/slovencina.org\\\/\",\"name\":\"Slovencina.org\",\"description\":\"Slovencina s Ani\",\"publisher\":{\"@id\":\"https:\\\/\\\/slovencina.org\\\/#organization\"},\"alternateName\":\"Lektor, ktor\u00fd v\u00e1m rozumie\",\"potentialAction\":[{\"@type\":\"SearchAction\",\"target\":{\"@type\":\"EntryPoint\",\"urlTemplate\":\"https:\\\/\\\/slovencina.org\\\/?s={search_term_string}\"},\"query-input\":{\"@type\":\"PropertyValueSpecification\",\"valueRequired\":true,\"valueName\":\"search_term_string\"}}],\"inLanguage\":\"ru-RU\"},{\"@type\":\"Organization\",\"@id\":\"https:\\\/\\\/slovencina.org\\\/#organization\",\"name\":\"Slovencina.org\",\"alternateName\":\"Lektor, ktor\u00fd v\u00e1m rozumie\",\"url\":\"https:\\\/\\\/slovencina.org\\\/\",\"logo\":{\"@type\":\"ImageObject\",\"inLanguage\":\"ru-RU\",\"@id\":\"https:\\\/\\\/slovencina.org\\\/#\\\/schema\\\/logo\\\/image\\\/\",\"url\":\"https:\\\/\\\/slovencina.org\\\/wp-content\\\/uploads\\\/2022\\\/08\\\/logo1000.png\",\"contentUrl\":\"https:\\\/\\\/slovencina.org\\\/wp-content\\\/uploads\\\/2022\\\/08\\\/logo1000.png\",\"width\":1000,\"height\":183,\"caption\":\"Slovencina.org\"},\"image\":{\"@id\":\"https:\\\/\\\/slovencina.org\\\/#\\\/schema\\\/logo\\\/image\\\/\"},\"sameAs\":[\"https:\\\/\\\/www.facebook.com\\\/slovencinasani\",\"https:\\\/\\\/x.com\\\/slovencinasani\",\"https:\\\/\\\/www.tiktok.com\\\/slovencinasani\",\"https:\\\/\\\/www.instagram.com\\\/slovencinasani\"]}]}<\/script>\n<!-- \/ Yoast SEO plugin. -->","yoast_head_json":{"title":"Kontakt - Slovencina.org","description":"\u041a\u0443\u0440\u0441\u044b \u0441\u043b\u043e\u0432\u0430\u0446\u043a\u043e\u0433\u043e \u044f\u0437\u044b\u043a\u0430 \u0432\u0441\u0435\u0445 \u0443\u0440\u043e\u0432\u043d\u0435\u0439 \u0434\u043b\u044f \u0440\u0443\u0441\u0441\u043a\u043e\u0433\u043e\u0432\u043e\u0440\u044f\u0449\u0438\u0445 \u0432 slovencina.org | Kurzy sloven\u010diny (v\u0161etky \u00farovne) pre rusky hovoriacich","robots":{"index":"index","follow":"follow","max-snippet":"max-snippet:-1","max-image-preview":"max-image-preview:large","max-video-preview":"max-video-preview:-1"},"canonical":"https:\/\/slovencina.org\/ru\/contact\/","og_locale":"ru_RU","og_type":"article","og_title":"Kontakt - Slovencina.org","og_description":"\u041a\u0443\u0440\u0441\u044b \u0441\u043b\u043e\u0432\u0430\u0446\u043a\u043e\u0433\u043e \u044f\u0437\u044b\u043a\u0430 \u0432\u0441\u0435\u0445 \u0443\u0440\u043e\u0432\u043d\u0435\u0439 \u0434\u043b\u044f \u0440\u0443\u0441\u0441\u043a\u043e\u0433\u043e\u0432\u043e\u0440\u044f\u0449\u0438\u0445 \u0432 slovencina.org | Kurzy sloven\u010diny (v\u0161etky \u00farovne) pre rusky hovoriacich","og_url":"https:\/\/slovencina.org\/ru\/contact\/","og_site_name":"Slovencina.org","article_publisher":"https:\/\/www.facebook.com\/slovencinasani","article_modified_time":"2024-12-29T11:26:17+00:00","og_image":[{"width":421,"height":421,"url":"https:\/\/slovencina.org\/wp-content\/uploads\/2022\/08\/call.png","type":"image\/png"}],"twitter_card":"summary_large_image","twitter_site":"@slovencinasani","twitter_misc":{"\u041f\u0440\u0438\u043c\u0435\u0440\u043d\u043e\u0435 \u0432\u0440\u0435\u043c\u044f \u0434\u043b\u044f \u0447\u0442\u0435\u043d\u0438\u044f":"1 \u043c\u0438\u043d\u0443\u0442\u0430"},"schema":{"@context":"https:\/\/schema.org","@graph":[{"@type":"WebPage","@id":"https:\/\/slovencina.org\/contact\/","url":"https:\/\/slovencina.org\/contact\/","name":"Kontakt - Slovencina.org","isPartOf":{"@id":"https:\/\/slovencina.org\/#website"},"primaryImageOfPage":{"@id":"https:\/\/slovencina.org\/contact\/#primaryimage"},"image":{"@id":"https:\/\/slovencina.org\/contact\/#primaryimage"},"thumbnailUrl":"https:\/\/slovencina.org\/wp-content\/uploads\/2022\/08\/call.png","datePublished":"2022-08-13T11:24:21+00:00","dateModified":"2024-12-29T11:26:17+00:00","description":"\u041a\u0443\u0440\u0441\u044b \u0441\u043b\u043e\u0432\u0430\u0446\u043a\u043e\u0433\u043e \u044f\u0437\u044b\u043a\u0430 \u0432\u0441\u0435\u0445 \u0443\u0440\u043e\u0432\u043d\u0435\u0439 \u0434\u043b\u044f \u0440\u0443\u0441\u0441\u043a\u043e\u0433\u043e\u0432\u043e\u0440\u044f\u0449\u0438\u0445 \u0432 slovencina.org | Kurzy sloven\u010diny (v\u0161etky \u00farovne) pre rusky hovoriacich","inLanguage":"ru-RU","potentialAction":[{"@type":"ReadAction","target":["https:\/\/slovencina.org\/contact\/"]}]},{"@type":"ImageObject","inLanguage":"ru-RU","@id":"https:\/\/slovencina.org\/contact\/#primaryimage","url":"https:\/\/slovencina.org\/wp-content\/uploads\/2022\/08\/call.png","contentUrl":"https:\/\/slovencina.org\/wp-content\/uploads\/2022\/08\/call.png"},{"@type":"WebSite","@id":"https:\/\/slovencina.org\/#website","url":"https:\/\/slovencina.org\/","name":"Slovencina.org","description":"\u0421\u043b\u043e\u0432\u0430\u0446\u043a\u0438\u0439 \u0441 \u0410\u043d\u0438","publisher":{"@id":"https:\/\/slovencina.org\/#organization"},"alternateName":"Lektor, ktor\u00fd v\u00e1m rozumie","potentialAction":[{"@type":"SearchAction","target":{"@type":"EntryPoint","urlTemplate":"https:\/\/slovencina.org\/?s={search_term_string}"},"query-input":{"@type":"PropertyValueSpecification","valueRequired":true,"valueName":"search_term_string"}}],"inLanguage":"ru-RU"},{"@type":"Organization","@id":"https:\/\/slovencina.org\/#organization","name":"Slovencina.org","alternateName":"Lektor, ktor\u00fd v\u00e1m rozumie","url":"https:\/\/slovencina.org\/","logo":{"@type":"ImageObject","inLanguage":"ru-RU","@id":"https:\/\/slovencina.org\/#\/schema\/logo\/image\/","url":"https:\/\/slovencina.org\/wp-content\/uploads\/2022\/08\/logo1000.png","contentUrl":"https:\/\/slovencina.org\/wp-content\/uploads\/2022\/08\/logo1000.png","width":1000,"height":183,"caption":"Slovencina.org"},"image":{"@id":"https:\/\/slovencina.org\/#\/schema\/logo\/image\/"},"sameAs":["https:\/\/www.facebook.com\/slovencinasani","https:\/\/x.com\/slovencinasani","https:\/\/www.tiktok.com\/slovencinasani","https:\/\/www.instagram.com\/slovencinasani"]}]}},"rttpg_featured_image_url":null,"rttpg_author":{"display_name":"admin","author_link":"https:\/\/slovencina.org\/ru\/author\/admin\/"},"rttpg_comment":0,"rttpg_category":null,"rttpg_excerpt":"Kontakt Ak m\u00e1te ot\u00e1zky, nap\u00ed\u0161te mi cez formul\u00e1r,&nbsp; ktor\u00fd je ni\u017e\u0161ie&#8230;&nbsp; kontakt MenoPriezviskoEmailTelef\u00f3nne \u010d\u00edslo Va\u0161a ot\u00e1zkaOdosla\u0165","_links":{"self":[{"href":"https:\/\/slovencina.org\/ru\/wp-json\/wp\/v2\/pages\/9","targetHints":{"allow":["GET"]}}],"collection":[{"href":"https:\/\/slovencina.org\/ru\/wp-json\/wp\/v2\/pages"}],"about":[{"href":"https:\/\/slovencina.org\/ru\/wp-json\/wp\/v2\/types\/page"}],"author":[{"embeddable":true,"href":"https:\/\/slovencina.org\/ru\/wp-json\/wp\/v2\/users\/1"}],"replies":[{"embeddable":true,"href":"https:\/\/slovencina.org\/ru\/wp-json\/wp\/v2\/comments?post=9"}],"version-history":[{"count":31,"href":"https:\/\/slovencina.org\/ru\/wp-json\/wp\/v2\/pages\/9\/revisions"}],"predecessor-version":[{"id":2258,"href":"https:\/\/slovencina.org\/ru\/wp-json\/wp\/v2\/pages\/9\/revisions\/2258"}],"wp:attachment":[{"href":"https:\/\/slovencina.org\/ru\/wp-json\/wp\/v2\/media?parent=9"}],"curies":[{"name":"wp","href":"https:\/\/api.w.org\/{rel}","templated":true}]}}