{"id":2249,"date":"2024-12-29T13:22:08","date_gmt":"2024-12-29T13:22:08","guid":{"rendered":"https:\/\/slovencina.org\/?page_id=2249"},"modified":"2026-01-18T19:28:00","modified_gmt":"2026-01-18T19:28:00","slug":"newsletter","status":"publish","type":"page","link":"https:\/\/slovencina.org\/ru\/newsletter\/","title":{"rendered":"Newsletter"},"content":{"rendered":"\t\t<div data-elementor-type=\"wp-page\" data-elementor-id=\"2249\" class=\"elementor elementor-2249\">\n\t\t\t\t\t\t<section class=\"elementor-section elementor-top-section elementor-element elementor-element-d677642 elementor-section-boxed elementor-section-height-default elementor-section-height-default\" data-id=\"d677642\" data-element_type=\"section\" data-e-type=\"section\" data-settings=\"{&quot;background_background&quot;:&quot;classic&quot;}\">\n\t\t\t\t\t\t<div class=\"elementor-container elementor-column-gap-default\">\n\t\t\t\t\t<div class=\"elementor-column elementor-col-100 elementor-top-column elementor-element elementor-element-934b586\" data-id=\"934b586\" data-element_type=\"column\" data-e-type=\"column\">\n\t\t\t<div class=\"elementor-widget-wrap elementor-element-populated\">\n\t\t\t\t\t\t<div class=\"elementor-element elementor-element-538836a elementor-widget elementor-widget-heading\" data-id=\"538836a\" data-element_type=\"widget\" data-e-type=\"widget\" data-widget_type=\"heading.default\">\n\t\t\t\t<div class=\"elementor-widget-container\">\n\t\t\t\t\t<h3 class=\"elementor-heading-title elementor-size-default\"><div style=\"font-size: 16px\"><h1 style=\"display: var(--page-title-display);width: 1140px\"><b>Newsletter<\/b><span style=\"font-family: var( --e-global-typography-primary-font-family ), Sans-serif;font-size: var( --e-global-typography-primary-font-size );font-style: var( --e-global-typography-primary-font-style );font-weight: var( --e-global-typography-primary-font-weight );letter-spacing: var( --e-global-typography-primary-letter-spacing );text-transform: var( --e-global-typography-primary-text-transform );background-color: var( --e-global-color-3b49b25 )\"><\/span><\/h1><\/div><\/h3>\t\t\t\t<\/div>\n\t\t\t\t<\/div>\n\t\t\t\t\t<\/div>\n\t\t<\/div>\n\t\t\t\t\t<\/div>\n\t\t<\/section>\n\t\t\t\t<section class=\"elementor-section elementor-top-section elementor-element elementor-element-4fc72e8 elementor-section-boxed elementor-section-height-default elementor-section-height-default\" data-id=\"4fc72e8\" data-element_type=\"section\" data-e-type=\"section\">\n\t\t\t\t\t\t<div class=\"elementor-container elementor-column-gap-default\">\n\t\t\t\t\t<div class=\"elementor-column elementor-col-50 elementor-top-column elementor-element elementor-element-f82564d\" data-id=\"f82564d\" data-element_type=\"column\" data-e-type=\"column\">\n\t\t\t<div class=\"elementor-widget-wrap elementor-element-populated\">\n\t\t\t\t\t\t<div class=\"elementor-element elementor-element-b27ade5 elementor-widget elementor-widget-text-editor\" data-id=\"b27ade5\" data-element_type=\"widget\" data-e-type=\"widget\" data-widget_type=\"text-editor.default\">\n\t\t\t\t<div class=\"elementor-widget-container\">\n\t\t\t\t\t\t\t\t\t<p><strong>Dost\u00e1vajte novinky priamo do svojho e-mailu!<\/strong><br>Prihl\u00e1ste sa na odber n\u00e1\u0161ho newslettera a z\u00edskajte:<\/p>\n<ul>\n<li><strong>Otvorenie nov\u00fdch skup\u00edn<\/strong> \u2013 bu\u010fte medzi prv\u00fdmi, kto sa dozvie o nov\u00fdch kurzoch.<\/li>\n<li><strong>Inform\u00e1cie o vo\u013en\u00fdch miestach<\/strong> \u2013 v\u017edy aktu\u00e1lne spr\u00e1vy o mo\u017enostiach zapojenia sa.<\/li>\n<li><strong>Odkazy na u\u017eito\u010dn\u00e9 vide\u00e1<\/strong> \u2013 vide\u00e1, ktor\u00e9 v\u00e1m pom\u00f4\u017eu pri u\u010den\u00ed sloven\u010diny alebo zlep\u0161ovan\u00ed svojich zru\u010dnost\u00ed.<\/li>\n<li><strong>Slovensk\u00e9 osemsmerovky<\/strong> \u2013 z\u00e1bavn\u00e9 aktivity na precvi\u010dovanie slovnej z\u00e1soby.<\/li>\n<li><strong>U\u017eito\u010dn\u00e9 tipy<\/strong> \u2013 praktick\u00e9 rady, ktor\u00e9 v\u00e1m pom\u00f4\u017eu napredova\u0165.<\/li>\n<\/ul>\n<p><strong>&nbsp;<\/strong><\/p>\t\t\t\t\t\t\t\t<\/div>\n\t\t\t\t<\/div>\n\t\t\t\t\t<\/div>\n\t\t<\/div>\n\t\t\t\t<div class=\"elementor-column elementor-col-50 elementor-top-column elementor-element elementor-element-fce0115\" data-id=\"fce0115\" data-element_type=\"column\" data-e-type=\"column\">\n\t\t\t<div class=\"elementor-widget-wrap elementor-element-populated\">\n\t\t\t\t\t\t<div class=\"elementor-element elementor-element-8f68d81 elementor-widget elementor-widget-wpforms\" data-id=\"8f68d81\" data-element_type=\"widget\" data-e-type=\"widget\" data-widget_type=\"wpforms.default\">\n\t\t\t\t<div class=\"elementor-widget-container\">\n\t\t\t\t\t<div class=\"wpforms-container wpforms-container-full wpforms-render-modern\" id=\"wpforms-2508\"><form id=\"wpforms-form-2508\" class=\"wpforms-validate wpforms-form wpforms-ajax-form\" data-formid=\"2508\" method=\"post\" enctype=\"multipart\/form-data\" action=\"\/ru\/wp-json\/wp\/v2\/pages\/2249\" data-token=\"477efa553ad7b071082465a6a9fbba11\" data-token-time=\"1777617165\"><noscript class=\"wpforms-error-noscript\">\u0414\u043b\u044f \u0437\u0430\u043f\u043e\u043b\u043d\u0435\u043d\u0438\u044f \u0434\u0430\u043d\u043d\u043e\u0439 \u0444\u043e\u0440\u043c\u044b \u0432\u043a\u043b\u044e\u0447\u0438\u0442\u0435 JavaScript \u0432 \u0431\u0440\u0430\u0443\u0437\u0435\u0440\u0435.<\/noscript><div id=\"wpforms-error-noscript\" style=\"display: none;\">\u0414\u043b\u044f \u0437\u0430\u043f\u043e\u043b\u043d\u0435\u043d\u0438\u044f \u0434\u0430\u043d\u043d\u043e\u0439 \u0444\u043e\u0440\u043c\u044b \u0432\u043a\u043b\u044e\u0447\u0438\u0442\u0435 JavaScript \u0432 \u0431\u0440\u0430\u0443\u0437\u0435\u0440\u0435.<\/div><div class=\"wpforms-field-container\">\t\t<div id=\"wpforms-2508-field_3-container\"\n\t\t\tclass=\"wpforms-field wpforms-field-text\"\n\t\t\tdata-field-type=\"text\"\n\t\t\tdata-field-id=\"3\"\n\t\t\t>\n\t\t\t<label class=\"wpforms-field-label\" for=\"wpforms-2508-field_3\" >Meno Email<\/label>\n\t\t\t<input type=\"text\" id=\"wpforms-2508-field_3\" class=\"wpforms-field-medium\" name=\"wpforms[fields][3]\" >\n\t\t<\/div>\n\t\t<div id=\"wpforms-2508-field_1-container\" class=\"wpforms-field wpforms-field-name\" data-field-id=\"1\"><label class=\"wpforms-field-label\" for=\"wpforms-2508-field_1\">Meno <span class=\"wpforms-required-label\" aria-hidden=\"true\">*<\/span><\/label><input type=\"text\" id=\"wpforms-2508-field_1\" class=\"wpforms-field-medium wpforms-field-required\" name=\"wpforms[fields][1]\" aria-errormessage=\"wpforms-2508-field_1-error\" required><\/div><div id=\"wpforms-2508-field_2-container\" class=\"wpforms-field wpforms-field-email\" data-field-id=\"2\"><label class=\"wpforms-field-label\" for=\"wpforms-2508-field_2\">Email <span class=\"wpforms-required-label\" aria-hidden=\"true\">*<\/span><\/label><input type=\"email\" id=\"wpforms-2508-field_2\" class=\"wpforms-field-medium wpforms-field-required\" data-disable-suggestions=\"1\" name=\"wpforms[fields][2]\" spellcheck=\"false\" aria-errormessage=\"wpforms-2508-field_2-error\" required><\/div><script>\n\t\t\t\t( function() {\n\t\t\t\t\tconst style = document.createElement( 'style' );\n\t\t\t\t\tstyle.appendChild( document.createTextNode( '#wpforms-2508-field_3-container { position: absolute !important; overflow: hidden !important; display: inline !important; height: 1px !important; width: 1px !important; z-index: -1000 !important; padding: 0 !important; } #wpforms-2508-field_3-container input { visibility: hidden; } #wpforms-conversational-form-page #wpforms-2508-field_3-container label { counter-increment: none; }' ) );\n\t\t\t\t\tdocument.head.appendChild( style );\n\t\t\t\t\tdocument.currentScript?.remove();\n\t\t\t\t} )();\n\t\t\t<\/script><\/div><!-- .wpforms-field-container --><div class=\"wpforms-submit-container\" ><input type=\"hidden\" name=\"wpforms[id]\" value=\"2508\"><input type=\"hidden\" name=\"page_title\" value=\"\"><input type=\"hidden\" name=\"page_url\" value=\"https:\/\/slovencina.org\/ru\/wp-json\/wp\/v2\/pages\/2249\"><input type=\"hidden\" name=\"url_referer\" value=\"\"><button type=\"submit\" name=\"wpforms[submit]\" id=\"wpforms-submit-2508\" class=\"wpforms-submit\" data-alt-text=\"Sending...\" data-submit-text=\"Prihl\u00e1si\u0165 sa do newsletteru\" aria-live=\"assertive\" value=\"wpforms-submit\">Prihl\u00e1si\u0165 sa do newsletteru<\/button><img decoding=\"async\" src=\"https:\/\/slovencina.org\/wp-content\/plugins\/wpforms-lite\/assets\/images\/submit-spin.svg\" class=\"wpforms-submit-spinner\" style=\"display: none;\" width=\"26\" height=\"26\" alt=\"\u0417\u0430\u0433\u0440\u0443\u0437\u043a\u0430\"><\/div><\/form><\/div>  <!-- .wpforms-container -->\t\t\t\t<\/div>\n\t\t\t\t<\/div>\n\t\t\t\t\t<\/div>\n\t\t<\/div>\n\t\t\t\t\t<\/div>\n\t\t<\/section>\n\t\t\t\t<\/div>\n\t\t","protected":false},"excerpt":{"rendered":"<p>Newsletter Dost\u00e1vajte novinky priamo do svojho e-mailu!Prihl\u00e1ste sa na odber n\u00e1\u0161ho newslettera a z\u00edskajte: Otvorenie nov\u00fdch skup\u00edn \u2013 bu\u010fte medzi prv\u00fdmi, kto sa dozvie o nov\u00fdch kurzoch. Inform\u00e1cie o vo\u013en\u00fdch miestach \u2013 v\u017edy aktu\u00e1lne spr\u00e1vy o mo\u017enostiach zapojenia sa. Odkazy na u\u017eito\u010dn\u00e9 vide\u00e1 \u2013 vide\u00e1, ktor\u00e9 v\u00e1m pom\u00f4\u017eu pri u\u010den\u00ed sloven\u010diny alebo zlep\u0161ovan\u00ed svojich zru\u010dnost\u00ed. [&hellip;]<\/p>\n","protected":false},"author":1,"featured_media":0,"parent":0,"menu_order":0,"comment_status":"closed","ping_status":"closed","template":"","meta":{"_eb_attr":"","footnotes":""},"class_list":["post-2249","page","type-page","status-publish","hentry"],"yoast_head":"<!-- This site is optimized with the Yoast SEO plugin v27.5 - https:\/\/yoast.com\/product\/yoast-seo-wordpress\/ -->\n<title>Newsletter - Slovencina.org<\/title>\n<meta name=\"description\" content=\"\u041a\u0443\u0440\u0441\u044b \u0441\u043b\u043e\u0432\u0430\u0446\u043a\u043e\u0433\u043e \u044f\u0437\u044b\u043a\u0430 \u0432\u0441\u0435\u0445 \u0443\u0440\u043e\u0432\u043d\u0435\u0439 \u0434\u043b\u044f \u0440\u0443\u0441\u0441\u043a\u043e\u0433\u043e\u0432\u043e\u0440\u044f\u0449\u0438\u0445 \u0432 slovencina.org | Kurzy sloven\u010diny (v\u0161etky \u00farovne) pre rusky hovoriacich\" \/>\n<meta name=\"robots\" content=\"index, follow, max-snippet:-1, max-image-preview:large, max-video-preview:-1\" \/>\n<link rel=\"canonical\" href=\"https:\/\/slovencina.org\/ru\/newsletter\/\" \/>\n<meta property=\"og:locale\" content=\"ru_RU\" \/>\n<meta property=\"og:type\" content=\"article\" \/>\n<meta property=\"og:title\" content=\"Newsletter - Slovencina.org\" \/>\n<meta property=\"og:description\" content=\"\u041a\u0443\u0440\u0441\u044b \u0441\u043b\u043e\u0432\u0430\u0446\u043a\u043e\u0433\u043e \u044f\u0437\u044b\u043a\u0430 \u0432\u0441\u0435\u0445 \u0443\u0440\u043e\u0432\u043d\u0435\u0439 \u0434\u043b\u044f \u0440\u0443\u0441\u0441\u043a\u043e\u0433\u043e\u0432\u043e\u0440\u044f\u0449\u0438\u0445 \u0432 slovencina.org | Kurzy sloven\u010diny (v\u0161etky \u00farovne) pre rusky hovoriacich\" \/>\n<meta property=\"og:url\" content=\"https:\/\/slovencina.org\/ru\/newsletter\/\" \/>\n<meta property=\"og:site_name\" content=\"Slovencina.org\" \/>\n<meta property=\"article:publisher\" content=\"https:\/\/www.facebook.com\/slovencinasani\" \/>\n<meta property=\"article:modified_time\" content=\"2026-01-18T19:28:00+00:00\" \/>\n<meta property=\"og:image\" content=\"https:\/\/slovencina.org\/wp-content\/plugins\/wpforms-lite\/assets\/images\/submit-spin.svg\" \/>\n<meta name=\"twitter:card\" content=\"summary_large_image\" \/>\n<meta name=\"twitter:site\" content=\"@slovencinasani\" \/>\n<meta name=\"twitter:label1\" content=\"\u041f\u0440\u0438\u043c\u0435\u0440\u043d\u043e\u0435 \u0432\u0440\u0435\u043c\u044f \u0434\u043b\u044f \u0447\u0442\u0435\u043d\u0438\u044f\" \/>\n\t<meta name=\"twitter:data1\" content=\"1 \u043c\u0438\u043d\u0443\u0442\u0430\" \/>\n<script type=\"application\/ld+json\" class=\"yoast-schema-graph\">{\"@context\":\"https:\\\/\\\/schema.org\",\"@graph\":[{\"@type\":\"WebPage\",\"@id\":\"https:\\\/\\\/slovencina.org\\\/newsletter\\\/\",\"url\":\"https:\\\/\\\/slovencina.org\\\/newsletter\\\/\",\"name\":\"Newsletter - Slovencina.org\",\"isPartOf\":{\"@id\":\"https:\\\/\\\/slovencina.org\\\/#website\"},\"primaryImageOfPage\":{\"@id\":\"https:\\\/\\\/slovencina.org\\\/newsletter\\\/#primaryimage\"},\"image\":{\"@id\":\"https:\\\/\\\/slovencina.org\\\/newsletter\\\/#primaryimage\"},\"thumbnailUrl\":\"https:\\\/\\\/slovencina.org\\\/wp-content\\\/plugins\\\/wpforms-lite\\\/assets\\\/images\\\/submit-spin.svg\",\"datePublished\":\"2024-12-29T13:22:08+00:00\",\"dateModified\":\"2026-01-18T19:28:00+00:00\",\"description\":\"\u041a\u0443\u0440\u0441\u044b \u0441\u043b\u043e\u0432\u0430\u0446\u043a\u043e\u0433\u043e \u044f\u0437\u044b\u043a\u0430 \u0432\u0441\u0435\u0445 \u0443\u0440\u043e\u0432\u043d\u0435\u0439 \u0434\u043b\u044f \u0440\u0443\u0441\u0441\u043a\u043e\u0433\u043e\u0432\u043e\u0440\u044f\u0449\u0438\u0445 \u0432 slovencina.org | Kurzy sloven\u010diny (v\u0161etky \u00farovne) pre rusky hovoriacich\",\"inLanguage\":\"ru-RU\",\"potentialAction\":[{\"@type\":\"ReadAction\",\"target\":[\"https:\\\/\\\/slovencina.org\\\/newsletter\\\/\"]}]},{\"@type\":\"ImageObject\",\"inLanguage\":\"ru-RU\",\"@id\":\"https:\\\/\\\/slovencina.org\\\/newsletter\\\/#primaryimage\",\"url\":\"https:\\\/\\\/slovencina.org\\\/wp-content\\\/plugins\\\/wpforms-lite\\\/assets\\\/images\\\/submit-spin.svg\",\"contentUrl\":\"https:\\\/\\\/slovencina.org\\\/wp-content\\\/plugins\\\/wpforms-lite\\\/assets\\\/images\\\/submit-spin.svg\"},{\"@type\":\"WebSite\",\"@id\":\"https:\\\/\\\/slovencina.org\\\/#website\",\"url\":\"https:\\\/\\\/slovencina.org\\\/\",\"name\":\"Slovencina.org\",\"description\":\"Slovencina s Ani\",\"publisher\":{\"@id\":\"https:\\\/\\\/slovencina.org\\\/#organization\"},\"alternateName\":\"Lektor, ktor\u00fd v\u00e1m rozumie\",\"potentialAction\":[{\"@type\":\"SearchAction\",\"target\":{\"@type\":\"EntryPoint\",\"urlTemplate\":\"https:\\\/\\\/slovencina.org\\\/?s={search_term_string}\"},\"query-input\":{\"@type\":\"PropertyValueSpecification\",\"valueRequired\":true,\"valueName\":\"search_term_string\"}}],\"inLanguage\":\"ru-RU\"},{\"@type\":\"Organization\",\"@id\":\"https:\\\/\\\/slovencina.org\\\/#organization\",\"name\":\"Slovencina.org\",\"alternateName\":\"Lektor, ktor\u00fd v\u00e1m rozumie\",\"url\":\"https:\\\/\\\/slovencina.org\\\/\",\"logo\":{\"@type\":\"ImageObject\",\"inLanguage\":\"ru-RU\",\"@id\":\"https:\\\/\\\/slovencina.org\\\/#\\\/schema\\\/logo\\\/image\\\/\",\"url\":\"https:\\\/\\\/slovencina.org\\\/wp-content\\\/uploads\\\/2022\\\/08\\\/logo1000.png\",\"contentUrl\":\"https:\\\/\\\/slovencina.org\\\/wp-content\\\/uploads\\\/2022\\\/08\\\/logo1000.png\",\"width\":1000,\"height\":183,\"caption\":\"Slovencina.org\"},\"image\":{\"@id\":\"https:\\\/\\\/slovencina.org\\\/#\\\/schema\\\/logo\\\/image\\\/\"},\"sameAs\":[\"https:\\\/\\\/www.facebook.com\\\/slovencinasani\",\"https:\\\/\\\/x.com\\\/slovencinasani\",\"https:\\\/\\\/www.tiktok.com\\\/slovencinasani\",\"https:\\\/\\\/www.instagram.com\\\/slovencinasani\"]}]}<\/script>\n<!-- \/ Yoast SEO plugin. -->","yoast_head_json":{"title":"Newsletter - Slovencina.org","description":"\u041a\u0443\u0440\u0441\u044b \u0441\u043b\u043e\u0432\u0430\u0446\u043a\u043e\u0433\u043e \u044f\u0437\u044b\u043a\u0430 \u0432\u0441\u0435\u0445 \u0443\u0440\u043e\u0432\u043d\u0435\u0439 \u0434\u043b\u044f \u0440\u0443\u0441\u0441\u043a\u043e\u0433\u043e\u0432\u043e\u0440\u044f\u0449\u0438\u0445 \u0432 slovencina.org | Kurzy sloven\u010diny (v\u0161etky \u00farovne) pre rusky hovoriacich","robots":{"index":"index","follow":"follow","max-snippet":"max-snippet:-1","max-image-preview":"max-image-preview:large","max-video-preview":"max-video-preview:-1"},"canonical":"https:\/\/slovencina.org\/ru\/newsletter\/","og_locale":"ru_RU","og_type":"article","og_title":"Newsletter - Slovencina.org","og_description":"\u041a\u0443\u0440\u0441\u044b \u0441\u043b\u043e\u0432\u0430\u0446\u043a\u043e\u0433\u043e \u044f\u0437\u044b\u043a\u0430 \u0432\u0441\u0435\u0445 \u0443\u0440\u043e\u0432\u043d\u0435\u0439 \u0434\u043b\u044f \u0440\u0443\u0441\u0441\u043a\u043e\u0433\u043e\u0432\u043e\u0440\u044f\u0449\u0438\u0445 \u0432 slovencina.org | Kurzy sloven\u010diny (v\u0161etky \u00farovne) pre rusky hovoriacich","og_url":"https:\/\/slovencina.org\/ru\/newsletter\/","og_site_name":"Slovencina.org","article_publisher":"https:\/\/www.facebook.com\/slovencinasani","article_modified_time":"2026-01-18T19:28:00+00:00","og_image":[{"url":"https:\/\/slovencina.org\/wp-content\/plugins\/wpforms-lite\/assets\/images\/submit-spin.svg","type":"","width":"","height":""}],"twitter_card":"summary_large_image","twitter_site":"@slovencinasani","twitter_misc":{"\u041f\u0440\u0438\u043c\u0435\u0440\u043d\u043e\u0435 \u0432\u0440\u0435\u043c\u044f \u0434\u043b\u044f \u0447\u0442\u0435\u043d\u0438\u044f":"1 \u043c\u0438\u043d\u0443\u0442\u0430"},"schema":{"@context":"https:\/\/schema.org","@graph":[{"@type":"WebPage","@id":"https:\/\/slovencina.org\/newsletter\/","url":"https:\/\/slovencina.org\/newsletter\/","name":"Newsletter - Slovencina.org","isPartOf":{"@id":"https:\/\/slovencina.org\/#website"},"primaryImageOfPage":{"@id":"https:\/\/slovencina.org\/newsletter\/#primaryimage"},"image":{"@id":"https:\/\/slovencina.org\/newsletter\/#primaryimage"},"thumbnailUrl":"https:\/\/slovencina.org\/wp-content\/plugins\/wpforms-lite\/assets\/images\/submit-spin.svg","datePublished":"2024-12-29T13:22:08+00:00","dateModified":"2026-01-18T19:28:00+00:00","description":"\u041a\u0443\u0440\u0441\u044b \u0441\u043b\u043e\u0432\u0430\u0446\u043a\u043e\u0433\u043e \u044f\u0437\u044b\u043a\u0430 \u0432\u0441\u0435\u0445 \u0443\u0440\u043e\u0432\u043d\u0435\u0439 \u0434\u043b\u044f \u0440\u0443\u0441\u0441\u043a\u043e\u0433\u043e\u0432\u043e\u0440\u044f\u0449\u0438\u0445 \u0432 slovencina.org | Kurzy sloven\u010diny (v\u0161etky \u00farovne) pre rusky hovoriacich","inLanguage":"ru-RU","potentialAction":[{"@type":"ReadAction","target":["https:\/\/slovencina.org\/newsletter\/"]}]},{"@type":"ImageObject","inLanguage":"ru-RU","@id":"https:\/\/slovencina.org\/newsletter\/#primaryimage","url":"https:\/\/slovencina.org\/wp-content\/plugins\/wpforms-lite\/assets\/images\/submit-spin.svg","contentUrl":"https:\/\/slovencina.org\/wp-content\/plugins\/wpforms-lite\/assets\/images\/submit-spin.svg"},{"@type":"WebSite","@id":"https:\/\/slovencina.org\/#website","url":"https:\/\/slovencina.org\/","name":"Slovencina.org","description":"\u0421\u043b\u043e\u0432\u0430\u0446\u043a\u0438\u0439 \u0441 \u0410\u043d\u0438","publisher":{"@id":"https:\/\/slovencina.org\/#organization"},"alternateName":"Lektor, ktor\u00fd v\u00e1m rozumie","potentialAction":[{"@type":"SearchAction","target":{"@type":"EntryPoint","urlTemplate":"https:\/\/slovencina.org\/?s={search_term_string}"},"query-input":{"@type":"PropertyValueSpecification","valueRequired":true,"valueName":"search_term_string"}}],"inLanguage":"ru-RU"},{"@type":"Organization","@id":"https:\/\/slovencina.org\/#organization","name":"Slovencina.org","alternateName":"Lektor, ktor\u00fd v\u00e1m rozumie","url":"https:\/\/slovencina.org\/","logo":{"@type":"ImageObject","inLanguage":"ru-RU","@id":"https:\/\/slovencina.org\/#\/schema\/logo\/image\/","url":"https:\/\/slovencina.org\/wp-content\/uploads\/2022\/08\/logo1000.png","contentUrl":"https:\/\/slovencina.org\/wp-content\/uploads\/2022\/08\/logo1000.png","width":1000,"height":183,"caption":"Slovencina.org"},"image":{"@id":"https:\/\/slovencina.org\/#\/schema\/logo\/image\/"},"sameAs":["https:\/\/www.facebook.com\/slovencinasani","https:\/\/x.com\/slovencinasani","https:\/\/www.tiktok.com\/slovencinasani","https:\/\/www.instagram.com\/slovencinasani"]}]}},"rttpg_featured_image_url":null,"rttpg_author":{"display_name":"admin","author_link":"https:\/\/slovencina.org\/ru\/author\/admin\/"},"rttpg_comment":0,"rttpg_category":null,"rttpg_excerpt":"Newsletter Dost\u00e1vajte novinky priamo do svojho e-mailu!Prihl\u00e1ste sa na odber n\u00e1\u0161ho newslettera a z\u00edskajte: Otvorenie nov\u00fdch skup\u00edn \u2013 bu\u010fte medzi prv\u00fdmi, kto sa dozvie o nov\u00fdch kurzoch. Inform\u00e1cie o vo\u013en\u00fdch miestach \u2013 v\u017edy aktu\u00e1lne spr\u00e1vy o mo\u017enostiach zapojenia sa. Odkazy na u\u017eito\u010dn\u00e9 vide\u00e1 \u2013 vide\u00e1, ktor\u00e9 v\u00e1m pom\u00f4\u017eu pri u\u010den\u00ed sloven\u010diny alebo zlep\u0161ovan\u00ed svojich zru\u010dnost\u00ed.&hellip;","_links":{"self":[{"href":"https:\/\/slovencina.org\/ru\/wp-json\/wp\/v2\/pages\/2249","targetHints":{"allow":["GET"]}}],"collection":[{"href":"https:\/\/slovencina.org\/ru\/wp-json\/wp\/v2\/pages"}],"about":[{"href":"https:\/\/slovencina.org\/ru\/wp-json\/wp\/v2\/types\/page"}],"author":[{"embeddable":true,"href":"https:\/\/slovencina.org\/ru\/wp-json\/wp\/v2\/users\/1"}],"replies":[{"embeddable":true,"href":"https:\/\/slovencina.org\/ru\/wp-json\/wp\/v2\/comments?post=2249"}],"version-history":[{"count":35,"href":"https:\/\/slovencina.org\/ru\/wp-json\/wp\/v2\/pages\/2249\/revisions"}],"predecessor-version":[{"id":2549,"href":"https:\/\/slovencina.org\/ru\/wp-json\/wp\/v2\/pages\/2249\/revisions\/2549"}],"wp:attachment":[{"href":"https:\/\/slovencina.org\/ru\/wp-json\/wp\/v2\/media?parent=2249"}],"curies":[{"name":"wp","href":"https:\/\/api.w.org\/{rel}","templated":true}]}}